{"id":19,"date":"2023-02-14T13:42:29","date_gmt":"2023-02-14T16:42:29","guid":{"rendered":"https:\/\/www.abratt.org.br\/nodig2023\/?page_id=19"},"modified":"2023-07-03T13:49:03","modified_gmt":"2023-07-03T16:49:03","slug":"congresso","status":"publish","type":"page","link":"https:\/\/www.abratt.org.br\/nodig2023\/congresso\/","title":{"rendered":"Congresso"},"content":{"rendered":"\t\t<div data-elementor-type=\"wp-page\" data-elementor-id=\"19\" class=\"elementor elementor-19\">\n\t\t\t\t\t\t<section class=\"elementor-section elementor-top-section elementor-element elementor-element-eea8a41 elementor-section-content-middle elementor-section-boxed elementor-section-height-default elementor-section-height-default\" data-id=\"eea8a41\" data-element_type=\"section\" data-settings=\"{&quot;background_background&quot;:&quot;classic&quot;}\">\n\t\t\t\t\t\t\t<div class=\"elementor-background-overlay\"><\/div>\n\t\t\t\t\t\t\t<div class=\"elementor-container elementor-column-gap-no\">\n\t\t\t\t\t<div class=\"elementor-column elementor-col-100 elementor-top-column elementor-element elementor-element-99ee75d\" data-id=\"99ee75d\" data-element_type=\"column\">\n\t\t\t<div class=\"elementor-widget-wrap elementor-element-populated\">\n\t\t\t\t\t\t<div class=\"elementor-element elementor-element-d2ba2f4 elementor-widget elementor-widget-heading\" data-id=\"d2ba2f4\" data-element_type=\"widget\" data-widget_type=\"heading.default\">\n\t\t\t\t<div class=\"elementor-widget-container\">\n\t\t\t\t\t<h1 class=\"elementor-heading-title elementor-size-default\">O congresso<\/h1>\t\t\t\t<\/div>\n\t\t\t\t<\/div>\n\t\t\t\t\t<\/div>\n\t\t<\/div>\n\t\t\t\t\t<\/div>\n\t\t<\/section>\n\t\t\t\t<section class=\"elementor-section elementor-top-section elementor-element elementor-element-41a0a45 elementor-section-boxed elementor-section-height-default elementor-section-height-default\" data-id=\"41a0a45\" data-element_type=\"section\" data-settings=\"{&quot;background_background&quot;:&quot;classic&quot;}\">\n\t\t\t\t\t\t\t<div class=\"elementor-background-overlay\"><\/div>\n\t\t\t\t\t\t\t<div class=\"elementor-container elementor-column-gap-default\">\n\t\t\t\t\t<div class=\"elementor-column elementor-col-100 elementor-top-column elementor-element elementor-element-2cacb7a\" data-id=\"2cacb7a\" data-element_type=\"column\">\n\t\t\t<div class=\"elementor-widget-wrap elementor-element-populated\">\n\t\t\t\t\t\t<div class=\"elementor-element elementor-element-21cdfe9 elementor-widget elementor-widget-heading\" data-id=\"21cdfe9\" data-element_type=\"widget\" data-widget_type=\"heading.default\">\n\t\t\t\t<div class=\"elementor-widget-container\">\n\t\t\t\t\t<h2 class=\"elementor-heading-title elementor-size-default\">O CONGRESSO<\/h2>\t\t\t\t<\/div>\n\t\t\t\t<\/div>\n\t\t\t\t<div class=\"elementor-element elementor-element-5ddf1e0 elementor-widget elementor-widget-spacer\" data-id=\"5ddf1e0\" data-element_type=\"widget\" data-widget_type=\"spacer.default\">\n\t\t\t\t<div class=\"elementor-widget-container\">\n\t\t\t\t\t\t\t<div class=\"elementor-spacer\">\n\t\t\t<div class=\"elementor-spacer-inner\"><\/div>\n\t\t<\/div>\n\t\t\t\t\t\t<\/div>\n\t\t\t\t<\/div>\n\t\t\t\t<section class=\"elementor-section elementor-inner-section elementor-element elementor-element-d1af23b elementor-section-boxed elementor-section-height-default elementor-section-height-default\" data-id=\"d1af23b\" data-element_type=\"section\">\n\t\t\t\t\t\t<div class=\"elementor-container elementor-column-gap-default\">\n\t\t\t\t\t<div class=\"elementor-column elementor-col-100 elementor-inner-column elementor-element elementor-element-33be15e\" data-id=\"33be15e\" data-element_type=\"column\">\n\t\t\t<div class=\"elementor-widget-wrap elementor-element-populated\">\n\t\t\t\t\t\t<div class=\"elementor-element elementor-element-f17ac5a elementor-widget elementor-widget-text-editor\" data-id=\"f17ac5a\" data-element_type=\"widget\" data-widget_type=\"text-editor.default\">\n\t\t\t\t<div class=\"elementor-widget-container\">\n\t\t\t\t\t\t\t\t\t<p style=\"text-align: left;\">O S\u00e3o Paulo No-Dig Show 2023 \u00e9 o primeiro evento na Am\u00e9rica do Sul com demonstra\u00e7\u00f5es ao vivo dos m\u00e9todos No-Dig. Os participantes ter\u00e3o uma oportunidade \u00fanica de aprender novas t\u00e9cnicas, aprofundar seus conhecimentos e interagir com a comunidade brasileira e internacional de MND.\u00a0<\/p><p style=\"text-align: left;\">A presen\u00e7a de expositores nacionais e internacionais denota ao evento uma abrang\u00eancia mundial e de grande import\u00e2ncia para a comunidade Trenchless. A programa\u00e7\u00e3o contar\u00e1 ainda com palestras t\u00e9cnicas sobre instala\u00e7\u00e3o, substitui\u00e7\u00e3o e reabilita\u00e7\u00e3o de tubula\u00e7\u00f5es; levantamento cadastral subterr\u00e2neo e outras t\u00e9cnicas n\u00e3o destrutivas. Ser\u00e3o apresentados grandes projetos nos m\u00e9todos de Furo Direcional Horizontal \u2013 HDD, Ruptura com Di\u00e2metro Alargado \u2013 Ruptura de Tubula\u00e7\u00e3o, Reabilita\u00e7\u00e3o Estrutural de Adutoras de \u00c1gua Pot\u00e1vel e Grandes Coletores de Esgoto \u2013 CIPP, entre outras t\u00e9cnicas. Renomados professores e consultores internacionais apresentar\u00e3o as novidades e avan\u00e7os da Trenchless Technology pelo mundo.<\/p>\t\t\t\t\t\t\t\t<\/div>\n\t\t\t\t<\/div>\n\t\t\t\t\t<\/div>\n\t\t<\/div>\n\t\t\t\t\t<\/div>\n\t\t<\/section>\n\t\t\t\t<section class=\"elementor-section elementor-inner-section elementor-element elementor-element-e944fb9 elementor-section-boxed elementor-section-height-default elementor-section-height-default\" data-id=\"e944fb9\" data-element_type=\"section\">\n\t\t\t\t\t\t<div class=\"elementor-container elementor-column-gap-default\">\n\t\t\t\t\t<div class=\"elementor-column elementor-col-33 elementor-inner-column elementor-element elementor-element-734637c\" data-id=\"734637c\" data-element_type=\"column\">\n\t\t\t<div class=\"elementor-widget-wrap elementor-element-populated\">\n\t\t\t\t\t\t<div class=\"elementor-element elementor-element-53a62db elementor-widget elementor-widget-image\" data-id=\"53a62db\" data-element_type=\"widget\" data-widget_type=\"image.default\">\n\t\t\t\t<div class=\"elementor-widget-container\">\n\t\t\t\t\t\t\t\t\t\t\t\t\t\t\t<img fetchpriority=\"high\" decoding=\"async\" width=\"1354\" height=\"878\" src=\"https:\/\/www.abratt.org.br\/nodig2023\/wp-content\/uploads\/2023\/03\/MND-02.png\" class=\"attachment-full size-full wp-image-619\" alt=\"\" srcset=\"https:\/\/www.abratt.org.br\/nodig2023\/wp-content\/uploads\/2023\/03\/MND-02.png 1354w, https:\/\/www.abratt.org.br\/nodig2023\/wp-content\/uploads\/2023\/03\/MND-02-300x195.png 300w, https:\/\/www.abratt.org.br\/nodig2023\/wp-content\/uploads\/2023\/03\/MND-02-1024x664.png 1024w, https:\/\/www.abratt.org.br\/nodig2023\/wp-content\/uploads\/2023\/03\/MND-02-768x498.png 768w\" sizes=\"(max-width: 1354px) 100vw, 1354px\" \/>\t\t\t\t\t\t\t\t\t\t\t\t\t\t\t<\/div>\n\t\t\t\t<\/div>\n\t\t\t\t\t<\/div>\n\t\t<\/div>\n\t\t\t\t<div class=\"elementor-column elementor-col-33 elementor-inner-column elementor-element elementor-element-006e897\" data-id=\"006e897\" data-element_type=\"column\" data-settings=\"{&quot;background_background&quot;:&quot;classic&quot;}\">\n\t\t\t<div class=\"elementor-widget-wrap elementor-element-populated\">\n\t\t\t\t\t\t<div class=\"elementor-element elementor-element-9dba554 elementor-widget elementor-widget-image\" data-id=\"9dba554\" data-element_type=\"widget\" data-widget_type=\"image.default\">\n\t\t\t\t<div class=\"elementor-widget-container\">\n\t\t\t\t\t\t\t\t\t\t\t\t\t\t\t<img decoding=\"async\" width=\"1080\" height=\"720\" src=\"https:\/\/www.abratt.org.br\/nodig2023\/wp-content\/uploads\/2023\/02\/congr.jpg\" class=\"attachment-full size-full wp-image-224\" alt=\"\" srcset=\"https:\/\/www.abratt.org.br\/nodig2023\/wp-content\/uploads\/2023\/02\/congr.jpg 1080w, https:\/\/www.abratt.org.br\/nodig2023\/wp-content\/uploads\/2023\/02\/congr-300x200.jpg 300w, https:\/\/www.abratt.org.br\/nodig2023\/wp-content\/uploads\/2023\/02\/congr-1024x683.jpg 1024w, https:\/\/www.abratt.org.br\/nodig2023\/wp-content\/uploads\/2023\/02\/congr-768x512.jpg 768w\" sizes=\"(max-width: 1080px) 100vw, 1080px\" \/>\t\t\t\t\t\t\t\t\t\t\t\t\t\t\t<\/div>\n\t\t\t\t<\/div>\n\t\t\t\t\t<\/div>\n\t\t<\/div>\n\t\t\t\t<div class=\"elementor-column elementor-col-33 elementor-inner-column elementor-element elementor-element-d658e21\" data-id=\"d658e21\" data-element_type=\"column\">\n\t\t\t<div class=\"elementor-widget-wrap elementor-element-populated\">\n\t\t\t\t\t\t<div class=\"elementor-element elementor-element-1a8a3fe elementor-widget elementor-widget-image\" data-id=\"1a8a3fe\" data-element_type=\"widget\" data-widget_type=\"image.default\">\n\t\t\t\t<div class=\"elementor-widget-container\">\n\t\t\t\t\t\t\t\t\t\t\t\t\t\t\t<img decoding=\"async\" width=\"1080\" height=\"720\" src=\"https:\/\/www.abratt.org.br\/nodig2023\/wp-content\/uploads\/2023\/03\/cong_3.jpg\" class=\"attachment-full size-full wp-image-622\" alt=\"\" srcset=\"https:\/\/www.abratt.org.br\/nodig2023\/wp-content\/uploads\/2023\/03\/cong_3.jpg 1080w, https:\/\/www.abratt.org.br\/nodig2023\/wp-content\/uploads\/2023\/03\/cong_3-300x200.jpg 300w, https:\/\/www.abratt.org.br\/nodig2023\/wp-content\/uploads\/2023\/03\/cong_3-1024x683.jpg 1024w, https:\/\/www.abratt.org.br\/nodig2023\/wp-content\/uploads\/2023\/03\/cong_3-768x512.jpg 768w\" sizes=\"(max-width: 1080px) 100vw, 1080px\" \/>\t\t\t\t\t\t\t\t\t\t\t\t\t\t\t<\/div>\n\t\t\t\t<\/div>\n\t\t\t\t\t<\/div>\n\t\t<\/div>\n\t\t\t\t\t<\/div>\n\t\t<\/section>\n\t\t\t\t<div class=\"elementor-element elementor-element-7e5e020 elementor-widget elementor-widget-heading\" data-id=\"7e5e020\" data-element_type=\"widget\" data-widget_type=\"heading.default\">\n\t\t\t\t<div class=\"elementor-widget-container\">\n\t\t\t\t\t<h2 class=\"elementor-heading-title elementor-size-default\">O LOCAL<\/h2>\t\t\t\t<\/div>\n\t\t\t\t<\/div>\n\t\t\t\t<section class=\"elementor-section elementor-inner-section elementor-element elementor-element-78efc81 elementor-section-boxed elementor-section-height-default elementor-section-height-default\" data-id=\"78efc81\" data-element_type=\"section\">\n\t\t\t\t\t\t<div class=\"elementor-container elementor-column-gap-default\">\n\t\t\t\t\t<div class=\"elementor-column elementor-col-100 elementor-inner-column elementor-element elementor-element-0b4c0ab\" data-id=\"0b4c0ab\" data-element_type=\"column\">\n\t\t\t<div class=\"elementor-widget-wrap elementor-element-populated\">\n\t\t\t\t\t\t<div class=\"elementor-element elementor-element-bd70a39 elementor-widget elementor-widget-text-editor\" data-id=\"bd70a39\" data-element_type=\"widget\" data-widget_type=\"text-editor.default\">\n\t\t\t\t<div class=\"elementor-widget-container\">\n\t\t\t\t\t\t\t\t\t<p style=\"text-align: left;\">O S\u00e3o Paulo No-Dig Show 2023 ser\u00e1 realizado no Instituto de Engenharia de S\u00e3o Paulo. Sua localiza\u00e7\u00e3o, pr\u00f3xima ao Parque do Ibirapuera, \u00e9 privilegiada, atendendo perfeitamente a todos os pontos da cidade. O local possui \u00e1rea de 1500 m\u00b2 e oferece estacionamento pago, ambientes com ar-condicionado e audit\u00f3rios para as palestras t\u00e9cnicas.<\/p><p style=\"text-align: left;\">A parte externa, na \u00e1rea de estacionamento do IESP, ser\u00e1 toda coberta por tenda, garantindo prote\u00e7\u00e3o contra chuva. Sua \u00e1rea ampla permitir\u00e1 a realiza\u00e7\u00e3o de um evento com as dimens\u00f5es que esse projeto necessita, incluindo a montagem de equipamentos com toda a seguran\u00e7a.<\/p><p>O Instituto de Engenharia de S\u00e3o Paulo fica na Av. Dr. Dante Pazzanese, 120, Vila Mariana, S\u00e3o Paulo \u2013 SP.<\/p>\t\t\t\t\t\t\t\t<\/div>\n\t\t\t\t<\/div>\n\t\t\t\t\t<\/div>\n\t\t<\/div>\n\t\t\t\t\t<\/div>\n\t\t<\/section>\n\t\t\t\t<section class=\"elementor-section elementor-inner-section elementor-element elementor-element-1d0417e elementor-section-boxed elementor-section-height-default elementor-section-height-default\" data-id=\"1d0417e\" data-element_type=\"section\">\n\t\t\t\t\t\t<div class=\"elementor-container elementor-column-gap-default\">\n\t\t\t\t\t<div class=\"elementor-column elementor-col-33 elementor-inner-column elementor-element elementor-element-9383c6e\" data-id=\"9383c6e\" data-element_type=\"column\">\n\t\t\t<div class=\"elementor-widget-wrap elementor-element-populated\">\n\t\t\t\t\t\t<div class=\"elementor-element elementor-element-d13268b elementor-widget elementor-widget-image\" data-id=\"d13268b\" data-element_type=\"widget\" data-widget_type=\"image.default\">\n\t\t\t\t<div class=\"elementor-widget-container\">\n\t\t\t\t\t\t\t\t\t\t\t\t\t\t\t<img loading=\"lazy\" decoding=\"async\" width=\"960\" height=\"640\" src=\"https:\/\/www.abratt.org.br\/nodig2023\/wp-content\/uploads\/2023\/02\/cong3.jpg\" class=\"attachment-full size-full wp-image-227\" alt=\"\" srcset=\"https:\/\/www.abratt.org.br\/nodig2023\/wp-content\/uploads\/2023\/02\/cong3.jpg 960w, https:\/\/www.abratt.org.br\/nodig2023\/wp-content\/uploads\/2023\/02\/cong3-300x200.jpg 300w, https:\/\/www.abratt.org.br\/nodig2023\/wp-content\/uploads\/2023\/02\/cong3-768x512.jpg 768w\" sizes=\"(max-width: 960px) 100vw, 960px\" \/>\t\t\t\t\t\t\t\t\t\t\t\t\t\t\t<\/div>\n\t\t\t\t<\/div>\n\t\t\t\t\t<\/div>\n\t\t<\/div>\n\t\t\t\t<div class=\"elementor-column elementor-col-33 elementor-inner-column elementor-element elementor-element-95e7afa\" data-id=\"95e7afa\" data-element_type=\"column\" data-settings=\"{&quot;background_background&quot;:&quot;classic&quot;}\">\n\t\t\t<div class=\"elementor-widget-wrap elementor-element-populated\">\n\t\t\t\t\t\t<div class=\"elementor-element elementor-element-f875197 elementor-widget elementor-widget-image\" data-id=\"f875197\" data-element_type=\"widget\" data-widget_type=\"image.default\">\n\t\t\t\t<div class=\"elementor-widget-container\">\n\t\t\t\t\t\t\t\t\t\t\t\t\t\t\t<img loading=\"lazy\" decoding=\"async\" width=\"960\" height=\"640\" src=\"https:\/\/www.abratt.org.br\/nodig2023\/wp-content\/uploads\/2023\/02\/cong1.jpg\" class=\"attachment-full size-full wp-image-225\" alt=\"\" srcset=\"https:\/\/www.abratt.org.br\/nodig2023\/wp-content\/uploads\/2023\/02\/cong1.jpg 960w, https:\/\/www.abratt.org.br\/nodig2023\/wp-content\/uploads\/2023\/02\/cong1-300x200.jpg 300w, https:\/\/www.abratt.org.br\/nodig2023\/wp-content\/uploads\/2023\/02\/cong1-768x512.jpg 768w\" sizes=\"(max-width: 960px) 100vw, 960px\" \/>\t\t\t\t\t\t\t\t\t\t\t\t\t\t\t<\/div>\n\t\t\t\t<\/div>\n\t\t\t\t\t<\/div>\n\t\t<\/div>\n\t\t\t\t<div class=\"elementor-column elementor-col-33 elementor-inner-column elementor-element elementor-element-a1f0b79\" data-id=\"a1f0b79\" data-element_type=\"column\">\n\t\t\t<div class=\"elementor-widget-wrap elementor-element-populated\">\n\t\t\t\t\t\t<div class=\"elementor-element elementor-element-8d3e9da elementor-widget elementor-widget-image\" data-id=\"8d3e9da\" data-element_type=\"widget\" data-widget_type=\"image.default\">\n\t\t\t\t<div class=\"elementor-widget-container\">\n\t\t\t\t\t\t\t\t\t\t\t\t\t\t\t<img loading=\"lazy\" decoding=\"async\" width=\"960\" height=\"640\" src=\"https:\/\/www.abratt.org.br\/nodig2023\/wp-content\/uploads\/2023\/02\/cong2.jpg\" class=\"attachment-full size-full wp-image-226\" alt=\"\" srcset=\"https:\/\/www.abratt.org.br\/nodig2023\/wp-content\/uploads\/2023\/02\/cong2.jpg 960w, https:\/\/www.abratt.org.br\/nodig2023\/wp-content\/uploads\/2023\/02\/cong2-300x200.jpg 300w, https:\/\/www.abratt.org.br\/nodig2023\/wp-content\/uploads\/2023\/02\/cong2-768x512.jpg 768w\" sizes=\"(max-width: 960px) 100vw, 960px\" \/>\t\t\t\t\t\t\t\t\t\t\t\t\t\t\t<\/div>\n\t\t\t\t<\/div>\n\t\t\t\t\t<\/div>\n\t\t<\/div>\n\t\t\t\t\t<\/div>\n\t\t<\/section>\n\t\t\t\t\t<\/div>\n\t\t<\/div>\n\t\t\t\t\t<\/div>\n\t\t<\/section>\n\t\t\t\t<\/div>\n\t\t","protected":false},"excerpt":{"rendered":"<p>O congresso O CONGRESSO O S\u00e3o Paulo No-Dig Show 2023 \u00e9 o primeiro evento na Am\u00e9rica do Sul com demonstra\u00e7\u00f5es ao vivo dos m\u00e9todos No-Dig. Os participantes ter\u00e3o uma oportunidade \u00fanica de aprender novas t\u00e9cnicas, aprofundar seus conhecimentos e interagir com a comunidade brasileira e internacional de MND.\u00a0 A presen\u00e7a de expositores nacionais e internacionais [&hellip;]<\/p>\n","protected":false},"author":1,"featured_media":0,"parent":0,"menu_order":0,"comment_status":"closed","ping_status":"closed","template":"elementor_header_footer","meta":{"footnotes":""},"class_list":["post-19","page","type-page","status-publish","hentry"],"_links":{"self":[{"href":"https:\/\/www.abratt.org.br\/nodig2023\/wp-json\/wp\/v2\/pages\/19","targetHints":{"allow":["GET"]}}],"collection":[{"href":"https:\/\/www.abratt.org.br\/nodig2023\/wp-json\/wp\/v2\/pages"}],"about":[{"href":"https:\/\/www.abratt.org.br\/nodig2023\/wp-json\/wp\/v2\/types\/page"}],"author":[{"embeddable":true,"href":"https:\/\/www.abratt.org.br\/nodig2023\/wp-json\/wp\/v2\/users\/1"}],"replies":[{"embeddable":true,"href":"https:\/\/www.abratt.org.br\/nodig2023\/wp-json\/wp\/v2\/comments?post=19"}],"version-history":[{"count":0,"href":"https:\/\/www.abratt.org.br\/nodig2023\/wp-json\/wp\/v2\/pages\/19\/revisions"}],"wp:attachment":[{"href":"https:\/\/www.abratt.org.br\/nodig2023\/wp-json\/wp\/v2\/media?parent=19"}],"curies":[{"name":"wp","href":"https:\/\/api.w.org\/{rel}","templated":true}]}}