{"id":21,"date":"2023-02-14T13:42:43","date_gmt":"2023-02-14T16:42:43","guid":{"rendered":"https:\/\/www.abratt.org.br\/nodig2023\/?page_id=21"},"modified":"2023-07-03T13:55:32","modified_gmt":"2023-07-03T16:55:32","slug":"programacao","status":"publish","type":"page","link":"https:\/\/www.abratt.org.br\/nodig2023\/programacao\/","title":{"rendered":"Programa\u00e7\u00e3o"},"content":{"rendered":"\t\t<div data-elementor-type=\"wp-page\" data-elementor-id=\"21\" class=\"elementor elementor-21\">\n\t\t\t\t\t\t<section class=\"elementor-section elementor-top-section elementor-element elementor-element-53f8134 elementor-section-content-middle elementor-section-boxed elementor-section-height-default elementor-section-height-default\" data-id=\"53f8134\" data-element_type=\"section\" data-settings=\"{&quot;background_background&quot;:&quot;classic&quot;}\">\n\t\t\t\t\t\t\t<div class=\"elementor-background-overlay\"><\/div>\n\t\t\t\t\t\t\t<div class=\"elementor-container elementor-column-gap-no\">\n\t\t\t\t\t<div class=\"elementor-column elementor-col-100 elementor-top-column elementor-element elementor-element-336d62e\" data-id=\"336d62e\" data-element_type=\"column\">\n\t\t\t<div class=\"elementor-widget-wrap elementor-element-populated\">\n\t\t\t\t\t\t<div class=\"elementor-element elementor-element-92724de elementor-widget elementor-widget-heading\" data-id=\"92724de\" data-element_type=\"widget\" data-widget_type=\"heading.default\">\n\t\t\t\t<div class=\"elementor-widget-container\">\n\t\t\t\t\t<h1 class=\"elementor-heading-title elementor-size-default\">programa\u00e7\u00e3o<\/h1>\t\t\t\t<\/div>\n\t\t\t\t<\/div>\n\t\t\t\t\t<\/div>\n\t\t<\/div>\n\t\t\t\t\t<\/div>\n\t\t<\/section>\n\t\t\t\t<section class=\"elementor-section elementor-top-section elementor-element elementor-element-90bbdd3 elementor-section-boxed elementor-section-height-default elementor-section-height-default\" data-id=\"90bbdd3\" data-element_type=\"section\" data-settings=\"{&quot;background_background&quot;:&quot;classic&quot;}\">\n\t\t\t\t\t\t\t<div class=\"elementor-background-overlay\"><\/div>\n\t\t\t\t\t\t\t<div class=\"elementor-container elementor-column-gap-default\">\n\t\t\t\t\t<div class=\"elementor-column elementor-col-100 elementor-top-column elementor-element elementor-element-9540e49\" data-id=\"9540e49\" data-element_type=\"column\">\n\t\t\t<div class=\"elementor-widget-wrap elementor-element-populated\">\n\t\t\t\t\t\t<section class=\"elementor-section elementor-inner-section elementor-element elementor-element-dcdcddb elementor-section-boxed elementor-section-height-default elementor-section-height-default\" data-id=\"dcdcddb\" data-element_type=\"section\">\n\t\t\t\t\t\t<div class=\"elementor-container elementor-column-gap-default\">\n\t\t\t\t\t<div class=\"elementor-column elementor-col-100 elementor-inner-column elementor-element elementor-element-3fe73ce\" data-id=\"3fe73ce\" data-element_type=\"column\">\n\t\t\t<div class=\"elementor-widget-wrap elementor-element-populated\">\n\t\t\t\t\t\t<div class=\"elementor-element elementor-element-22c6c38 elementor-widget elementor-widget-image\" data-id=\"22c6c38\" data-element_type=\"widget\" data-widget_type=\"image.default\">\n\t\t\t\t<div class=\"elementor-widget-container\">\n\t\t\t\t\t\t\t\t\t\t\t\t\t\t\t<img fetchpriority=\"high\" decoding=\"async\" width=\"3381\" height=\"2043\" src=\"https:\/\/www.abratt.org.br\/nodig2023\/wp-content\/uploads\/2023\/02\/SAO-PAULO-NO-DIG-2023-LOGO_semfundo.png\" class=\"attachment-full size-full wp-image-81\" alt=\"\" srcset=\"https:\/\/www.abratt.org.br\/nodig2023\/wp-content\/uploads\/2023\/02\/SAO-PAULO-NO-DIG-2023-LOGO_semfundo.png 3381w, https:\/\/www.abratt.org.br\/nodig2023\/wp-content\/uploads\/2023\/02\/SAO-PAULO-NO-DIG-2023-LOGO_semfundo-300x181.png 300w, https:\/\/www.abratt.org.br\/nodig2023\/wp-content\/uploads\/2023\/02\/SAO-PAULO-NO-DIG-2023-LOGO_semfundo-1024x619.png 1024w, https:\/\/www.abratt.org.br\/nodig2023\/wp-content\/uploads\/2023\/02\/SAO-PAULO-NO-DIG-2023-LOGO_semfundo-768x464.png 768w, https:\/\/www.abratt.org.br\/nodig2023\/wp-content\/uploads\/2023\/02\/SAO-PAULO-NO-DIG-2023-LOGO_semfundo-1536x928.png 1536w, https:\/\/www.abratt.org.br\/nodig2023\/wp-content\/uploads\/2023\/02\/SAO-PAULO-NO-DIG-2023-LOGO_semfundo-2048x1238.png 2048w\" sizes=\"(max-width: 3381px) 100vw, 3381px\" \/>\t\t\t\t\t\t\t\t\t\t\t\t\t\t\t<\/div>\n\t\t\t\t<\/div>\n\t\t\t\t\t<\/div>\n\t\t<\/div>\n\t\t\t\t\t<\/div>\n\t\t<\/section>\n\t\t\t\t<div class=\"elementor-element elementor-element-09d8262 elementor-widget elementor-widget-text-editor\" data-id=\"09d8262\" data-element_type=\"widget\" data-widget_type=\"text-editor.default\">\n\t\t\t\t<div class=\"elementor-widget-container\">\n\t\t\t\t\t\t\t\t\t<p><span style=\"font-weight: 400;\"><strong>S\u00e3o Paulo No Dig Show 2023<\/strong><br \/>04 a 06 de julho de 2023 \u2013 Instituto de Engenharia de S\u00e3o Paulo<\/span><\/p>\t\t\t\t\t\t\t\t<\/div>\n\t\t\t\t<\/div>\n\t\t\t\t<div class=\"elementor-element elementor-element-f20279b elementor-widget elementor-widget-heading\" data-id=\"f20279b\" data-element_type=\"widget\" data-widget_type=\"heading.default\">\n\t\t\t\t<div class=\"elementor-widget-container\">\n\t\t\t\t\t<h4 class=\"elementor-heading-title elementor-size-default\">Programa\u00e7\u00e3o<\/h4>\t\t\t\t<\/div>\n\t\t\t\t<\/div>\n\t\t\t\t<section class=\"elementor-section elementor-inner-section elementor-element elementor-element-2b70e1a elementor-section-boxed elementor-section-height-default elementor-section-height-default\" data-id=\"2b70e1a\" data-element_type=\"section\">\n\t\t\t\t\t\t<div class=\"elementor-container elementor-column-gap-default\">\n\t\t\t\t\t<div class=\"elementor-column elementor-col-100 elementor-inner-column elementor-element elementor-element-b5450ad\" data-id=\"b5450ad\" data-element_type=\"column\">\n\t\t\t<div class=\"elementor-widget-wrap elementor-element-populated\">\n\t\t\t\t\t\t<div class=\"elementor-element elementor-element-12360e1 elementor-widget elementor-widget-heading\" data-id=\"12360e1\" data-element_type=\"widget\" data-widget_type=\"heading.default\">\n\t\t\t\t<div class=\"elementor-widget-container\">\n\t\t\t\t\t<h4 class=\"elementor-heading-title elementor-size-default\">Pavilh\u00e3o de Exposi\u00e7\u00f5es<\/h4>\t\t\t\t<\/div>\n\t\t\t\t<\/div>\n\t\t\t\t<div class=\"elementor-element elementor-element-8b5f526 elementor-widget elementor-widget-text-editor\" data-id=\"8b5f526\" data-element_type=\"widget\" data-widget_type=\"text-editor.default\">\n\t\t\t\t<div class=\"elementor-widget-container\">\n\t\t\t\t\t\t\t\t\t<p style=\"text-align: center;\">04, 05 e 06 de julho, das 09h as 18h30<br \/>Acesso Gratuito &#8211; n\u00e3o \u00e9 necess\u00e1ria a inscri\u00e7\u00e3o pr\u00e9via<\/p>\t\t\t\t\t\t\t\t<\/div>\n\t\t\t\t<\/div>\n\t\t\t\t\t<\/div>\n\t\t<\/div>\n\t\t\t\t\t<\/div>\n\t\t<\/section>\n\t\t\t\t<section class=\"elementor-section elementor-inner-section elementor-element elementor-element-4398b48 elementor-section-boxed elementor-section-height-default elementor-section-height-default\" data-id=\"4398b48\" data-element_type=\"section\">\n\t\t\t\t\t\t<div class=\"elementor-container elementor-column-gap-default\">\n\t\t\t\t\t<div class=\"elementor-column elementor-col-100 elementor-inner-column elementor-element elementor-element-5a8cf06\" data-id=\"5a8cf06\" data-element_type=\"column\">\n\t\t\t<div class=\"elementor-widget-wrap elementor-element-populated\">\n\t\t\t\t\t\t<div class=\"elementor-element elementor-element-b95b634 elementor-widget elementor-widget-toggle\" data-id=\"b95b634\" data-element_type=\"widget\" data-widget_type=\"toggle.default\">\n\t\t\t\t<div class=\"elementor-widget-container\">\n\t\t\t\t\t\t\t<div class=\"elementor-toggle\">\n\t\t\t\t\t\t\t<div class=\"elementor-toggle-item\">\n\t\t\t\t\t<div id=\"elementor-tab-title-1941\" class=\"elementor-tab-title\" data-tab=\"1\" role=\"button\" aria-controls=\"elementor-tab-content-1941\" aria-expanded=\"false\">\n\t\t\t\t\t\t\t\t\t\t\t\t<span class=\"elementor-toggle-icon elementor-toggle-icon-left\" aria-hidden=\"true\">\n\t\t\t\t\t\t\t\t\t\t\t\t\t\t\t<span class=\"elementor-toggle-icon-closed\"><i class=\"fas fa-caret-right\"><\/i><\/span>\n\t\t\t\t\t\t\t\t<span class=\"elementor-toggle-icon-opened\"><i class=\"elementor-toggle-icon-opened fas fa-caret-up\"><\/i><\/span>\n\t\t\t\t\t\t\t\t\t\t\t\t\t<\/span>\n\t\t\t\t\t\t\t\t\t\t\t\t<a class=\"elementor-toggle-title\" tabindex=\"0\">Dia 04 de julho - Audit\u00f3rios 1 e 2<\/a>\n\t\t\t\t\t<\/div>\n\n\t\t\t\t\t<div id=\"elementor-tab-content-1941\" class=\"elementor-tab-content elementor-clearfix\" data-tab=\"1\" role=\"region\" aria-labelledby=\"elementor-tab-title-1941\"><p><img decoding=\"async\" class=\"alignnone wp-image-839 size-full\" src=\"https:\/\/www.abratt.org.br\/nodig2023\/wp-content\/uploads\/2023\/06\/alteracao-dia1.jpg\" alt=\"\" width=\"2120\" height=\"2350\" srcset=\"https:\/\/www.abratt.org.br\/nodig2023\/wp-content\/uploads\/2023\/06\/alteracao-dia1.jpg 2120w, https:\/\/www.abratt.org.br\/nodig2023\/wp-content\/uploads\/2023\/06\/alteracao-dia1-271x300.jpg 271w, https:\/\/www.abratt.org.br\/nodig2023\/wp-content\/uploads\/2023\/06\/alteracao-dia1-924x1024.jpg 924w, https:\/\/www.abratt.org.br\/nodig2023\/wp-content\/uploads\/2023\/06\/alteracao-dia1-768x851.jpg 768w, https:\/\/www.abratt.org.br\/nodig2023\/wp-content\/uploads\/2023\/06\/alteracao-dia1-1386x1536.jpg 1386w, https:\/\/www.abratt.org.br\/nodig2023\/wp-content\/uploads\/2023\/06\/alteracao-dia1-1848x2048.jpg 1848w\" sizes=\"(max-width: 2120px) 100vw, 2120px\" \/><\/p><\/div>\n\t\t\t\t<\/div>\n\t\t\t\t\t\t\t<div class=\"elementor-toggle-item\">\n\t\t\t\t\t<div id=\"elementor-tab-title-1942\" class=\"elementor-tab-title\" data-tab=\"2\" role=\"button\" aria-controls=\"elementor-tab-content-1942\" aria-expanded=\"false\">\n\t\t\t\t\t\t\t\t\t\t\t\t<span class=\"elementor-toggle-icon elementor-toggle-icon-left\" aria-hidden=\"true\">\n\t\t\t\t\t\t\t\t\t\t\t\t\t\t\t<span class=\"elementor-toggle-icon-closed\"><i class=\"fas fa-caret-right\"><\/i><\/span>\n\t\t\t\t\t\t\t\t<span class=\"elementor-toggle-icon-opened\"><i class=\"elementor-toggle-icon-opened fas fa-caret-up\"><\/i><\/span>\n\t\t\t\t\t\t\t\t\t\t\t\t\t<\/span>\n\t\t\t\t\t\t\t\t\t\t\t\t<a class=\"elementor-toggle-title\" tabindex=\"0\">Dia 05 de julho - Audit\u00f3rio 1 <\/a>\n\t\t\t\t\t<\/div>\n\n\t\t\t\t\t<div id=\"elementor-tab-content-1942\" class=\"elementor-tab-content elementor-clearfix\" data-tab=\"2\" role=\"region\" aria-labelledby=\"elementor-tab-title-1942\"><p><img decoding=\"async\" class=\"alignnone wp-image-755 size-full\" src=\"https:\/\/www.abratt.org.br\/nodig2023\/wp-content\/uploads\/2023\/06\/prog-05-aud1.jpg\" alt=\"\" width=\"2169\" height=\"2313\" srcset=\"https:\/\/www.abratt.org.br\/nodig2023\/wp-content\/uploads\/2023\/06\/prog-05-aud1.jpg 2169w, https:\/\/www.abratt.org.br\/nodig2023\/wp-content\/uploads\/2023\/06\/prog-05-aud1-281x300.jpg 281w, https:\/\/www.abratt.org.br\/nodig2023\/wp-content\/uploads\/2023\/06\/prog-05-aud1-960x1024.jpg 960w, https:\/\/www.abratt.org.br\/nodig2023\/wp-content\/uploads\/2023\/06\/prog-05-aud1-768x819.jpg 768w, https:\/\/www.abratt.org.br\/nodig2023\/wp-content\/uploads\/2023\/06\/prog-05-aud1-1440x1536.jpg 1440w, https:\/\/www.abratt.org.br\/nodig2023\/wp-content\/uploads\/2023\/06\/prog-05-aud1-1920x2048.jpg 1920w\" sizes=\"(max-width: 2169px) 100vw, 2169px\" \/>\u00a0<\/p><\/div>\n\t\t\t\t<\/div>\n\t\t\t\t\t\t\t<div class=\"elementor-toggle-item\">\n\t\t\t\t\t<div id=\"elementor-tab-title-1943\" class=\"elementor-tab-title\" data-tab=\"3\" role=\"button\" aria-controls=\"elementor-tab-content-1943\" aria-expanded=\"false\">\n\t\t\t\t\t\t\t\t\t\t\t\t<span class=\"elementor-toggle-icon elementor-toggle-icon-left\" aria-hidden=\"true\">\n\t\t\t\t\t\t\t\t\t\t\t\t\t\t\t<span class=\"elementor-toggle-icon-closed\"><i class=\"fas fa-caret-right\"><\/i><\/span>\n\t\t\t\t\t\t\t\t<span class=\"elementor-toggle-icon-opened\"><i class=\"elementor-toggle-icon-opened fas fa-caret-up\"><\/i><\/span>\n\t\t\t\t\t\t\t\t\t\t\t\t\t<\/span>\n\t\t\t\t\t\t\t\t\t\t\t\t<a class=\"elementor-toggle-title\" tabindex=\"0\">Dia 05 de julho - Audit\u00f3rio 2<\/a>\n\t\t\t\t\t<\/div>\n\n\t\t\t\t\t<div id=\"elementor-tab-content-1943\" class=\"elementor-tab-content elementor-clearfix\" data-tab=\"3\" role=\"region\" aria-labelledby=\"elementor-tab-title-1943\"><p><img loading=\"lazy\" decoding=\"async\" class=\"alignnone wp-image-821 size-full\" src=\"https:\/\/www.abratt.org.br\/nodig2023\/wp-content\/uploads\/2023\/06\/errata-05-audit-02.png\" alt=\"\" width=\"2132\" height=\"2047\" srcset=\"https:\/\/www.abratt.org.br\/nodig2023\/wp-content\/uploads\/2023\/06\/errata-05-audit-02.png 2132w, https:\/\/www.abratt.org.br\/nodig2023\/wp-content\/uploads\/2023\/06\/errata-05-audit-02-300x288.png 300w, https:\/\/www.abratt.org.br\/nodig2023\/wp-content\/uploads\/2023\/06\/errata-05-audit-02-1024x983.png 1024w, https:\/\/www.abratt.org.br\/nodig2023\/wp-content\/uploads\/2023\/06\/errata-05-audit-02-768x737.png 768w, https:\/\/www.abratt.org.br\/nodig2023\/wp-content\/uploads\/2023\/06\/errata-05-audit-02-1536x1475.png 1536w, https:\/\/www.abratt.org.br\/nodig2023\/wp-content\/uploads\/2023\/06\/errata-05-audit-02-2048x1966.png 2048w\" sizes=\"(max-width: 2132px) 100vw, 2132px\" \/><\/p><\/div>\n\t\t\t\t<\/div>\n\t\t\t\t\t\t\t<div class=\"elementor-toggle-item\">\n\t\t\t\t\t<div id=\"elementor-tab-title-1944\" class=\"elementor-tab-title\" data-tab=\"4\" role=\"button\" aria-controls=\"elementor-tab-content-1944\" aria-expanded=\"false\">\n\t\t\t\t\t\t\t\t\t\t\t\t<span class=\"elementor-toggle-icon elementor-toggle-icon-left\" aria-hidden=\"true\">\n\t\t\t\t\t\t\t\t\t\t\t\t\t\t\t<span class=\"elementor-toggle-icon-closed\"><i class=\"fas fa-caret-right\"><\/i><\/span>\n\t\t\t\t\t\t\t\t<span class=\"elementor-toggle-icon-opened\"><i class=\"elementor-toggle-icon-opened fas fa-caret-up\"><\/i><\/span>\n\t\t\t\t\t\t\t\t\t\t\t\t\t<\/span>\n\t\t\t\t\t\t\t\t\t\t\t\t<a class=\"elementor-toggle-title\" tabindex=\"0\">Dia 06 de julho - Audit\u00f3rio 1 <\/a>\n\t\t\t\t\t<\/div>\n\n\t\t\t\t\t<div id=\"elementor-tab-content-1944\" class=\"elementor-tab-content elementor-clearfix\" data-tab=\"4\" role=\"region\" aria-labelledby=\"elementor-tab-title-1944\"><p><img loading=\"lazy\" decoding=\"async\" class=\"alignnone wp-image-757 size-full\" src=\"https:\/\/www.abratt.org.br\/nodig2023\/wp-content\/uploads\/2023\/06\/prog-06-aud1.jpg\" alt=\"\" width=\"2157\" height=\"2252\" srcset=\"https:\/\/www.abratt.org.br\/nodig2023\/wp-content\/uploads\/2023\/06\/prog-06-aud1.jpg 2157w, https:\/\/www.abratt.org.br\/nodig2023\/wp-content\/uploads\/2023\/06\/prog-06-aud1-287x300.jpg 287w, https:\/\/www.abratt.org.br\/nodig2023\/wp-content\/uploads\/2023\/06\/prog-06-aud1-981x1024.jpg 981w, https:\/\/www.abratt.org.br\/nodig2023\/wp-content\/uploads\/2023\/06\/prog-06-aud1-768x802.jpg 768w, https:\/\/www.abratt.org.br\/nodig2023\/wp-content\/uploads\/2023\/06\/prog-06-aud1-1471x1536.jpg 1471w, https:\/\/www.abratt.org.br\/nodig2023\/wp-content\/uploads\/2023\/06\/prog-06-aud1-1962x2048.jpg 1962w\" sizes=\"(max-width: 2157px) 100vw, 2157px\" \/><\/p><\/div>\n\t\t\t\t<\/div>\n\t\t\t\t\t\t\t<div class=\"elementor-toggle-item\">\n\t\t\t\t\t<div id=\"elementor-tab-title-1945\" class=\"elementor-tab-title\" data-tab=\"5\" role=\"button\" aria-controls=\"elementor-tab-content-1945\" aria-expanded=\"false\">\n\t\t\t\t\t\t\t\t\t\t\t\t<span class=\"elementor-toggle-icon elementor-toggle-icon-left\" aria-hidden=\"true\">\n\t\t\t\t\t\t\t\t\t\t\t\t\t\t\t<span class=\"elementor-toggle-icon-closed\"><i class=\"fas fa-caret-right\"><\/i><\/span>\n\t\t\t\t\t\t\t\t<span class=\"elementor-toggle-icon-opened\"><i class=\"elementor-toggle-icon-opened fas fa-caret-up\"><\/i><\/span>\n\t\t\t\t\t\t\t\t\t\t\t\t\t<\/span>\n\t\t\t\t\t\t\t\t\t\t\t\t<a class=\"elementor-toggle-title\" tabindex=\"0\">Dia 06 de julho - Audit\u00f3rio 2 <\/a>\n\t\t\t\t\t<\/div>\n\n\t\t\t\t\t<div id=\"elementor-tab-content-1945\" class=\"elementor-tab-content elementor-clearfix\" data-tab=\"5\" role=\"region\" aria-labelledby=\"elementor-tab-title-1945\"><p><img loading=\"lazy\" decoding=\"async\" class=\"alignnone wp-image-822 size-full\" src=\"https:\/\/www.abratt.org.br\/nodig2023\/wp-content\/uploads\/2023\/06\/errata-06-audit-02.png\" alt=\"\" width=\"2132\" height=\"2415\" srcset=\"https:\/\/www.abratt.org.br\/nodig2023\/wp-content\/uploads\/2023\/06\/errata-06-audit-02.png 2132w, https:\/\/www.abratt.org.br\/nodig2023\/wp-content\/uploads\/2023\/06\/errata-06-audit-02-265x300.png 265w, https:\/\/www.abratt.org.br\/nodig2023\/wp-content\/uploads\/2023\/06\/errata-06-audit-02-904x1024.png 904w, https:\/\/www.abratt.org.br\/nodig2023\/wp-content\/uploads\/2023\/06\/errata-06-audit-02-768x870.png 768w, https:\/\/www.abratt.org.br\/nodig2023\/wp-content\/uploads\/2023\/06\/errata-06-audit-02-1356x1536.png 1356w, https:\/\/www.abratt.org.br\/nodig2023\/wp-content\/uploads\/2023\/06\/errata-06-audit-02-1808x2048.png 1808w\" sizes=\"(max-width: 2132px) 100vw, 2132px\" \/><\/p><\/div>\n\t\t\t\t<\/div>\n\t\t\t\t\t\t\t<div class=\"elementor-toggle-item\">\n\t\t\t\t\t<div id=\"elementor-tab-title-1946\" class=\"elementor-tab-title\" data-tab=\"6\" role=\"button\" aria-controls=\"elementor-tab-content-1946\" aria-expanded=\"false\">\n\t\t\t\t\t\t\t\t\t\t\t\t<span class=\"elementor-toggle-icon elementor-toggle-icon-left\" aria-hidden=\"true\">\n\t\t\t\t\t\t\t\t\t\t\t\t\t\t\t<span class=\"elementor-toggle-icon-closed\"><i class=\"fas fa-caret-right\"><\/i><\/span>\n\t\t\t\t\t\t\t\t<span class=\"elementor-toggle-icon-opened\"><i class=\"elementor-toggle-icon-opened fas fa-caret-up\"><\/i><\/span>\n\t\t\t\t\t\t\t\t\t\t\t\t\t<\/span>\n\t\t\t\t\t\t\t\t\t\t\t\t<a class=\"elementor-toggle-title\" tabindex=\"0\">Jantar de Encerramento<\/a>\n\t\t\t\t\t<\/div>\n\n\t\t\t\t\t<div id=\"elementor-tab-content-1946\" class=\"elementor-tab-content elementor-clearfix\" data-tab=\"6\" role=\"region\" aria-labelledby=\"elementor-tab-title-1946\"><p><img loading=\"lazy\" decoding=\"async\" class=\"alignnone wp-image-792 size-full\" src=\"https:\/\/www.abratt.org.br\/nodig2023\/wp-content\/uploads\/2023\/06\/JANTAR.jpeg\" alt=\"\" width=\"824\" height=\"405\" srcset=\"https:\/\/www.abratt.org.br\/nodig2023\/wp-content\/uploads\/2023\/06\/JANTAR.jpeg 824w, https:\/\/www.abratt.org.br\/nodig2023\/wp-content\/uploads\/2023\/06\/JANTAR-300x147.jpeg 300w, https:\/\/www.abratt.org.br\/nodig2023\/wp-content\/uploads\/2023\/06\/JANTAR-768x377.jpeg 768w\" sizes=\"(max-width: 824px) 100vw, 824px\" \/><\/p><\/div>\n\t\t\t\t<\/div>\n\t\t\t\t\t\t\t\t<\/div>\n\t\t\t\t\t\t<\/div>\n\t\t\t\t<\/div>\n\t\t\t\t\t<\/div>\n\t\t<\/div>\n\t\t\t\t\t<\/div>\n\t\t<\/section>\n\t\t\t\t\t<\/div>\n\t\t<\/div>\n\t\t\t\t\t<\/div>\n\t\t<\/section>\n\t\t\t\t<\/div>\n\t\t","protected":false},"excerpt":{"rendered":"<p>programa\u00e7\u00e3o S\u00e3o Paulo No Dig Show 202304 a 06 de julho de 2023 \u2013 Instituto de Engenharia de S\u00e3o Paulo Programa\u00e7\u00e3o Pavilh\u00e3o de Exposi\u00e7\u00f5es 04, 05 e 06 de julho, das 09h as 18h30Acesso Gratuito &#8211; n\u00e3o \u00e9 necess\u00e1ria a inscri\u00e7\u00e3o pr\u00e9via Dia 04 de julho &#8211; Audit\u00f3rios 1 e 2 Dia 05 de julho [&hellip;]<\/p>\n","protected":false},"author":1,"featured_media":0,"parent":0,"menu_order":0,"comment_status":"closed","ping_status":"closed","template":"elementor_header_footer","meta":{"footnotes":""},"class_list":["post-21","page","type-page","status-publish","hentry"],"_links":{"self":[{"href":"https:\/\/www.abratt.org.br\/nodig2023\/wp-json\/wp\/v2\/pages\/21","targetHints":{"allow":["GET"]}}],"collection":[{"href":"https:\/\/www.abratt.org.br\/nodig2023\/wp-json\/wp\/v2\/pages"}],"about":[{"href":"https:\/\/www.abratt.org.br\/nodig2023\/wp-json\/wp\/v2\/types\/page"}],"author":[{"embeddable":true,"href":"https:\/\/www.abratt.org.br\/nodig2023\/wp-json\/wp\/v2\/users\/1"}],"replies":[{"embeddable":true,"href":"https:\/\/www.abratt.org.br\/nodig2023\/wp-json\/wp\/v2\/comments?post=21"}],"version-history":[{"count":0,"href":"https:\/\/www.abratt.org.br\/nodig2023\/wp-json\/wp\/v2\/pages\/21\/revisions"}],"wp:attachment":[{"href":"https:\/\/www.abratt.org.br\/nodig2023\/wp-json\/wp\/v2\/media?parent=21"}],"curies":[{"name":"wp","href":"https:\/\/api.w.org\/{rel}","templated":true}]}}