{"id":472,"date":"2023-03-08T19:15:19","date_gmt":"2023-03-08T22:15:19","guid":{"rendered":"https:\/\/www.abratt.org.br\/nodig2023\/?page_id=472"},"modified":"2023-03-08T19:39:48","modified_gmt":"2023-03-08T22:39:48","slug":"noticias","status":"publish","type":"page","link":"https:\/\/www.abratt.org.br\/nodig2023\/noticias\/","title":{"rendered":"Not\u00edcias"},"content":{"rendered":"\t\t<div data-elementor-type=\"wp-page\" data-elementor-id=\"472\" class=\"elementor elementor-472\">\n\t\t\t\t\t\t<section class=\"elementor-section elementor-top-section elementor-element elementor-element-16b7af4 elementor-section-content-middle elementor-section-boxed elementor-section-height-default elementor-section-height-default\" data-id=\"16b7af4\" data-element_type=\"section\" data-settings=\"{&quot;background_background&quot;:&quot;classic&quot;}\">\n\t\t\t\t\t\t\t<div class=\"elementor-background-overlay\"><\/div>\n\t\t\t\t\t\t\t<div class=\"elementor-container elementor-column-gap-no\">\n\t\t\t\t\t<div class=\"elementor-column elementor-col-100 elementor-top-column elementor-element elementor-element-a58877c\" data-id=\"a58877c\" data-element_type=\"column\">\n\t\t\t<div class=\"elementor-widget-wrap elementor-element-populated\">\n\t\t\t\t\t\t<div class=\"elementor-element elementor-element-6a402bb elementor-widget elementor-widget-heading\" data-id=\"6a402bb\" data-element_type=\"widget\" data-widget_type=\"heading.default\">\n\t\t\t\t<div class=\"elementor-widget-container\">\n\t\t\t\t\t<h1 class=\"elementor-heading-title elementor-size-default\">not\u00edcias<\/h1>\t\t\t\t<\/div>\n\t\t\t\t<\/div>\n\t\t\t\t\t<\/div>\n\t\t<\/div>\n\t\t\t\t\t<\/div>\n\t\t<\/section>\n\t\t\t\t<section class=\"elementor-section elementor-top-section elementor-element elementor-element-048d3ad elementor-section-boxed elementor-section-height-default elementor-section-height-default\" data-id=\"048d3ad\" data-element_type=\"section\" data-settings=\"{&quot;background_background&quot;:&quot;classic&quot;}\">\n\t\t\t\t\t\t\t<div class=\"elementor-background-overlay\"><\/div>\n\t\t\t\t\t\t\t<div class=\"elementor-container elementor-column-gap-default\">\n\t\t\t\t\t<div class=\"elementor-column elementor-col-100 elementor-top-column elementor-element elementor-element-6445ec5\" data-id=\"6445ec5\" data-element_type=\"column\">\n\t\t\t<div class=\"elementor-widget-wrap elementor-element-populated\">\n\t\t\t\t\t\t<div class=\"elementor-element elementor-element-0f7188d elementor-widget elementor-widget-heading\" data-id=\"0f7188d\" data-element_type=\"widget\" data-widget_type=\"heading.default\">\n\t\t\t\t<div class=\"elementor-widget-container\">\n\t\t\t\t\t<h2 class=\"elementor-heading-title elementor-size-default\">VENHA FAZER PARTE DESTE GRANDE EVENTO<\/h2>\t\t\t\t<\/div>\n\t\t\t\t<\/div>\n\t\t\t\t<section class=\"elementor-section elementor-inner-section elementor-element elementor-element-5be1fe6 elementor-section-boxed elementor-section-height-default elementor-section-height-default\" data-id=\"5be1fe6\" data-element_type=\"section\">\n\t\t\t\t\t\t<div class=\"elementor-container elementor-column-gap-default\">\n\t\t\t\t\t<div class=\"elementor-column elementor-col-100 elementor-inner-column elementor-element elementor-element-d2595fc\" data-id=\"d2595fc\" data-element_type=\"column\">\n\t\t\t<div class=\"elementor-widget-wrap elementor-element-populated\">\n\t\t\t\t\t\t<div class=\"elementor-element elementor-element-062c937 elementor-widget elementor-widget-text-editor\" data-id=\"062c937\" data-element_type=\"widget\" data-widget_type=\"text-editor.default\">\n\t\t\t\t<div class=\"elementor-widget-container\">\n\t\t\t\t\t\t\t\t\t<p>Confira abaixo as not\u00edcias do S\u00c3O PAULO NO-DIG SHOW 2023 e fique informado de tudo que vai acontecer no evento.<\/p>\t\t\t\t\t\t\t\t<\/div>\n\t\t\t\t<\/div>\n\t\t\t\t\t<\/div>\n\t\t<\/div>\n\t\t\t\t\t<\/div>\n\t\t<\/section>\n\t\t\t\t<div class=\"elementor-element elementor-element-e57fd70 elementor-widget elementor-widget-spacer\" data-id=\"e57fd70\" data-element_type=\"widget\" data-widget_type=\"spacer.default\">\n\t\t\t\t<div class=\"elementor-widget-container\">\n\t\t\t\t\t\t\t<div class=\"elementor-spacer\">\n\t\t\t<div class=\"elementor-spacer-inner\"><\/div>\n\t\t<\/div>\n\t\t\t\t\t\t<\/div>\n\t\t\t\t<\/div>\n\t\t\t\t<div class=\"elementor-element elementor-element-648f0fd elementor-grid-3 elementor-grid-tablet-2 elementor-grid-mobile-1 elementor-posts--thumbnail-top load-more-align-center elementor-widget elementor-widget-posts\" data-id=\"648f0fd\" data-element_type=\"widget\" data-settings=\"{&quot;classic_row_gap&quot;:{&quot;unit&quot;:&quot;px&quot;,&quot;size&quot;:40,&quot;sizes&quot;:[]},&quot;pagination_type&quot;:&quot;load_more_on_click&quot;,&quot;classic_columns&quot;:&quot;3&quot;,&quot;classic_columns_tablet&quot;:&quot;2&quot;,&quot;classic_columns_mobile&quot;:&quot;1&quot;,&quot;classic_row_gap_tablet&quot;:{&quot;unit&quot;:&quot;px&quot;,&quot;size&quot;:&quot;&quot;,&quot;sizes&quot;:[]},&quot;classic_row_gap_mobile&quot;:{&quot;unit&quot;:&quot;px&quot;,&quot;size&quot;:&quot;&quot;,&quot;sizes&quot;:[]},&quot;load_more_spinner&quot;:{&quot;value&quot;:&quot;fas fa-spinner&quot;,&quot;library&quot;:&quot;fa-solid&quot;}}\" data-widget_type=\"posts.classic\">\n\t\t\t\t<div class=\"elementor-widget-container\">\n\t\t\t\t\t\t\t<div class=\"elementor-posts-container elementor-posts elementor-posts--skin-classic elementor-grid\">\r\n\t\t\t\t<article class=\"elementor-post elementor-grid-item post-890 post type-post status-publish format-standard has-post-thumbnail hentry category-noticias\">\r\n\t\t\t\t<a class=\"elementor-post__thumbnail__link\" href=\"https:\/\/www.abratt.org.br\/nodig2023\/congresso-de-metodos-nao-destrutivos-coloca-o-brasil-em-destaque-na-engenharia-mundial\/\" >\r\n\t\t\t<div class=\"elementor-post__thumbnail\"><img fetchpriority=\"high\" decoding=\"async\" width=\"300\" height=\"200\" src=\"https:\/\/www.abratt.org.br\/nodig2023\/wp-content\/uploads\/2023\/07\/53032329211_a1b362e75e_c-300x200.jpg\" class=\"attachment-medium size-medium wp-image-891\" alt=\"\" srcset=\"https:\/\/www.abratt.org.br\/nodig2023\/wp-content\/uploads\/2023\/07\/53032329211_a1b362e75e_c-300x200.jpg 300w, https:\/\/www.abratt.org.br\/nodig2023\/wp-content\/uploads\/2023\/07\/53032329211_a1b362e75e_c-768x511.jpg 768w, https:\/\/www.abratt.org.br\/nodig2023\/wp-content\/uploads\/2023\/07\/53032329211_a1b362e75e_c.jpg 799w\" sizes=\"(max-width: 300px) 100vw, 300px\" \/><\/div>\r\n\t\t<\/a>\r\n\t\t\t\t<div class=\"elementor-post__text\">\r\n\t\t\t\t<h3 class=\"elementor-post__title\">\r\n\t\t\t<a href=\"https:\/\/www.abratt.org.br\/nodig2023\/congresso-de-metodos-nao-destrutivos-coloca-o-brasil-em-destaque-na-engenharia-mundial\/\" >\r\n\t\t\t\tCONGRESSO DE M\u00c9TODOS N\u00c3O-DESTRUTIVOS  COLOCA O BRASIL EM DESTAQUE NA ENGENHARIA MUNDIAL\t\t\t<\/a>\r\n\t\t<\/h3>\r\n\t\t\t\t<div class=\"elementor-post__excerpt\">\r\n\t\t\t<p>S\u00e3o Paulo No Dig Show 2023 foi o primeiro evento\u00a0 de demonstra\u00e7\u00f5es ao vivo de<\/p>\n\t\t<\/div>\r\n\t\t\r\n\t\t<a class=\"elementor-post__read-more\" href=\"https:\/\/www.abratt.org.br\/nodig2023\/congresso-de-metodos-nao-destrutivos-coloca-o-brasil-em-destaque-na-engenharia-mundial\/\" aria-label=\"Read more about CONGRESSO DE M\u00c9TODOS N\u00c3O-DESTRUTIVOS  COLOCA O BRASIL EM DESTAQUE NA ENGENHARIA MUNDIAL\" >\r\n\t\t\tLeia mais \u00bb\t\t<\/a>\r\n\r\n\t\t\t\t<\/div>\r\n\t\t\t\t<\/article>\r\n\t\t\t\t<article class=\"elementor-post elementor-grid-item post-887 post type-post status-publish format-standard has-post-thumbnail hentry category-noticias\">\r\n\t\t\t\t<a class=\"elementor-post__thumbnail__link\" href=\"https:\/\/www.abratt.org.br\/nodig2023\/boletim-video-um\/\" >\r\n\t\t\t<div class=\"elementor-post__thumbnail\"><img decoding=\"async\" width=\"300\" height=\"162\" src=\"https:\/\/www.abratt.org.br\/nodig2023\/wp-content\/uploads\/2023\/07\/tumb1-300x162.png\" class=\"attachment-medium size-medium wp-image-888\" alt=\"\" srcset=\"https:\/\/www.abratt.org.br\/nodig2023\/wp-content\/uploads\/2023\/07\/tumb1-300x162.png 300w, https:\/\/www.abratt.org.br\/nodig2023\/wp-content\/uploads\/2023\/07\/tumb1-1024x554.png 1024w, https:\/\/www.abratt.org.br\/nodig2023\/wp-content\/uploads\/2023\/07\/tumb1-768x416.png 768w, https:\/\/www.abratt.org.br\/nodig2023\/wp-content\/uploads\/2023\/07\/tumb1.png 1134w\" sizes=\"(max-width: 300px) 100vw, 300px\" \/><\/div>\r\n\t\t<\/a>\r\n\t\t\t\t<div class=\"elementor-post__text\">\r\n\t\t\t\t<h3 class=\"elementor-post__title\">\r\n\t\t\t<a href=\"https:\/\/www.abratt.org.br\/nodig2023\/boletim-video-um\/\" >\r\n\t\t\t\tConfira o boletim em v\u00eddeo do primeiro dia do S\u00e3o Paulo No Dig Show 2023\t\t\t<\/a>\r\n\t\t<\/h3>\r\n\t\t\t\t<div class=\"elementor-post__excerpt\">\r\n\t\t\t<p>O in\u00edcio do primeiro evento live de MND da Am\u00e9rica Latina foi marcado pela presen\u00e7a<\/p>\n\t\t<\/div>\r\n\t\t\r\n\t\t<a class=\"elementor-post__read-more\" href=\"https:\/\/www.abratt.org.br\/nodig2023\/boletim-video-um\/\" aria-label=\"Read more about Confira o boletim em v\u00eddeo do primeiro dia do S\u00e3o Paulo No Dig Show 2023\" >\r\n\t\t\tLeia mais \u00bb\t\t<\/a>\r\n\r\n\t\t\t\t<\/div>\r\n\t\t\t\t<\/article>\r\n\t\t\t\t<article class=\"elementor-post elementor-grid-item post-880 post type-post status-publish format-standard has-post-thumbnail hentry category-fotos category-noticias\">\r\n\t\t\t\t<a class=\"elementor-post__thumbnail__link\" href=\"https:\/\/www.abratt.org.br\/nodig2023\/fotos-do-sao-paulo-no-dig-show-2023-ja-estao-disponiveis\/\" >\r\n\t\t\t<div class=\"elementor-post__thumbnail\"><img decoding=\"async\" width=\"300\" height=\"200\" src=\"https:\/\/www.abratt.org.br\/nodig2023\/wp-content\/uploads\/2023\/07\/53027380446_8651dd0da4_c-300x200.jpg\" class=\"attachment-medium size-medium wp-image-881\" alt=\"\" srcset=\"https:\/\/www.abratt.org.br\/nodig2023\/wp-content\/uploads\/2023\/07\/53027380446_8651dd0da4_c-300x200.jpg 300w, https:\/\/www.abratt.org.br\/nodig2023\/wp-content\/uploads\/2023\/07\/53027380446_8651dd0da4_c-768x511.jpg 768w, https:\/\/www.abratt.org.br\/nodig2023\/wp-content\/uploads\/2023\/07\/53027380446_8651dd0da4_c.jpg 799w\" sizes=\"(max-width: 300px) 100vw, 300px\" \/><\/div>\r\n\t\t<\/a>\r\n\t\t\t\t<div class=\"elementor-post__text\">\r\n\t\t\t\t<h3 class=\"elementor-post__title\">\r\n\t\t\t<a href=\"https:\/\/www.abratt.org.br\/nodig2023\/fotos-do-sao-paulo-no-dig-show-2023-ja-estao-disponiveis\/\" >\r\n\t\t\t\tFotos do S\u00e3o Paulo No Dig Show 2023 j\u00e1 est\u00e3o dispon\u00edveis\t\t\t<\/a>\r\n\t\t<\/h3>\r\n\t\t\t\t<div class=\"elementor-post__excerpt\">\r\n\t\t\t<p>Ao longo de todo o evento, foram registradas muitas imagens. Nos estandes, nos audit\u00f3rios e<\/p>\n\t\t<\/div>\r\n\t\t\r\n\t\t<a class=\"elementor-post__read-more\" href=\"https:\/\/www.abratt.org.br\/nodig2023\/fotos-do-sao-paulo-no-dig-show-2023-ja-estao-disponiveis\/\" aria-label=\"Read more about Fotos do S\u00e3o Paulo No Dig Show 2023 j\u00e1 est\u00e3o dispon\u00edveis\" >\r\n\t\t\tLeia mais \u00bb\t\t<\/a>\r\n\r\n\t\t\t\t<\/div>\r\n\t\t\t\t<\/article>\r\n\t\t\t\t<article class=\"elementor-post elementor-grid-item post-875 post type-post status-publish format-standard has-post-thumbnail hentry category-noticias\">\r\n\t\t\t\t<a class=\"elementor-post__thumbnail__link\" href=\"https:\/\/www.abratt.org.br\/nodig2023\/sucesso-de-inscricoes-sao-paulo-no-dig-show-2023-tera-presenca-de-especialistas-internacionais\/\" >\r\n\t\t\t<div class=\"elementor-post__thumbnail\"><img loading=\"lazy\" decoding=\"async\" width=\"300\" height=\"200\" src=\"https:\/\/www.abratt.org.br\/nodig2023\/wp-content\/uploads\/2023\/07\/WhatsApp-Image-2023-07-03-at-13.42.52-300x200.jpeg\" class=\"attachment-medium size-medium wp-image-876\" alt=\"\" srcset=\"https:\/\/www.abratt.org.br\/nodig2023\/wp-content\/uploads\/2023\/07\/WhatsApp-Image-2023-07-03-at-13.42.52-300x200.jpeg 300w, https:\/\/www.abratt.org.br\/nodig2023\/wp-content\/uploads\/2023\/07\/WhatsApp-Image-2023-07-03-at-13.42.52-768x512.jpeg 768w, https:\/\/www.abratt.org.br\/nodig2023\/wp-content\/uploads\/2023\/07\/WhatsApp-Image-2023-07-03-at-13.42.52.jpeg 800w\" sizes=\"(max-width: 300px) 100vw, 300px\" \/><\/div>\r\n\t\t<\/a>\r\n\t\t\t\t<div class=\"elementor-post__text\">\r\n\t\t\t\t<h3 class=\"elementor-post__title\">\r\n\t\t\t<a href=\"https:\/\/www.abratt.org.br\/nodig2023\/sucesso-de-inscricoes-sao-paulo-no-dig-show-2023-tera-presenca-de-especialistas-internacionais\/\" >\r\n\t\t\t\tSUCESSO DE INSCRI\u00c7\u00d5ES, S\u00c3O PAULO NO DIG SHOW 2023 TER\u00c1 PRESEN\u00c7A DE ESPECIALISTAS INTERNACIONAIS\t\t\t<\/a>\r\n\t\t<\/h3>\r\n\t\t\t\t<div class=\"elementor-post__excerpt\">\r\n\t\t\t<p>Mais de 50 atividades est\u00e3o programadas para os tr\u00eas dias do evento O S\u00e3o Paulo<\/p>\n\t\t<\/div>\r\n\t\t\r\n\t\t<a class=\"elementor-post__read-more\" href=\"https:\/\/www.abratt.org.br\/nodig2023\/sucesso-de-inscricoes-sao-paulo-no-dig-show-2023-tera-presenca-de-especialistas-internacionais\/\" aria-label=\"Read more about SUCESSO DE INSCRI\u00c7\u00d5ES, S\u00c3O PAULO NO DIG SHOW 2023 TER\u00c1 PRESEN\u00c7A DE ESPECIALISTAS INTERNACIONAIS\" >\r\n\t\t\tLeia mais \u00bb\t\t<\/a>\r\n\r\n\t\t\t\t<\/div>\r\n\t\t\t\t<\/article>\r\n\t\t\t\t<article class=\"elementor-post elementor-grid-item post-826 post type-post status-publish format-standard has-post-thumbnail hentry category-noticias\">\r\n\t\t\t\t<a class=\"elementor-post__thumbnail__link\" href=\"https:\/\/www.abratt.org.br\/nodig2023\/secretario-nacional-e-presenca-confirmada-em-congresso-de-metodos-nao-destrutivos\/\" >\r\n\t\t\t<div class=\"elementor-post__thumbnail\"><img loading=\"lazy\" decoding=\"async\" width=\"225\" height=\"300\" src=\"https:\/\/www.abratt.org.br\/nodig2023\/wp-content\/uploads\/2023\/06\/abes-768x1024-1-225x300.jpeg\" class=\"attachment-medium size-medium wp-image-827\" alt=\"\" srcset=\"https:\/\/www.abratt.org.br\/nodig2023\/wp-content\/uploads\/2023\/06\/abes-768x1024-1-225x300.jpeg 225w, https:\/\/www.abratt.org.br\/nodig2023\/wp-content\/uploads\/2023\/06\/abes-768x1024-1.jpeg 768w\" sizes=\"(max-width: 225px) 100vw, 225px\" \/><\/div>\r\n\t\t<\/a>\r\n\t\t\t\t<div class=\"elementor-post__text\">\r\n\t\t\t\t<h3 class=\"elementor-post__title\">\r\n\t\t\t<a href=\"https:\/\/www.abratt.org.br\/nodig2023\/secretario-nacional-e-presenca-confirmada-em-congresso-de-metodos-nao-destrutivos\/\" >\r\n\t\t\t\tSECRET\u00c1RIO NACIONAL \u00c9 PRESEN\u00c7A CONFIRMADA EM CONGRESSO DE M\u00c9TODOS N\u00c3O DESTRUTIVOS\t\t\t<\/a>\r\n\t\t<\/h3>\r\n\t\t\t\t<div class=\"elementor-post__excerpt\">\r\n\t\t\t<p>Representante do Minist\u00e9rio das Cidades estar\u00e1 na abertura do evento O Secret\u00e1rio Nacional de Saneamento<\/p>\n\t\t<\/div>\r\n\t\t\r\n\t\t<a class=\"elementor-post__read-more\" href=\"https:\/\/www.abratt.org.br\/nodig2023\/secretario-nacional-e-presenca-confirmada-em-congresso-de-metodos-nao-destrutivos\/\" aria-label=\"Read more about SECRET\u00c1RIO NACIONAL \u00c9 PRESEN\u00c7A CONFIRMADA EM CONGRESSO DE M\u00c9TODOS N\u00c3O DESTRUTIVOS\" >\r\n\t\t\tLeia mais \u00bb\t\t<\/a>\r\n\r\n\t\t\t\t<\/div>\r\n\t\t\t\t<\/article>\r\n\t\t\t\t<article class=\"elementor-post elementor-grid-item post-727 post type-post status-publish format-standard has-post-thumbnail hentry category-noticias\">\r\n\t\t\t\t<a class=\"elementor-post__thumbnail__link\" href=\"https:\/\/www.abratt.org.br\/nodig2023\/sao-paulo-no-dig-show-e-destaque-em-podcast-sobre-saneamento-ambiental\/\" >\r\n\t\t\t<div class=\"elementor-post__thumbnail\"><img loading=\"lazy\" decoding=\"async\" width=\"300\" height=\"237\" src=\"https:\/\/www.abratt.org.br\/nodig2023\/wp-content\/uploads\/2023\/05\/WhatsApp-Image-2023-05-15-at-17.47.31-300x237.jpeg\" class=\"attachment-medium size-medium wp-image-728\" alt=\"\" srcset=\"https:\/\/www.abratt.org.br\/nodig2023\/wp-content\/uploads\/2023\/05\/WhatsApp-Image-2023-05-15-at-17.47.31-300x237.jpeg 300w, https:\/\/www.abratt.org.br\/nodig2023\/wp-content\/uploads\/2023\/05\/WhatsApp-Image-2023-05-15-at-17.47.31.jpeg 343w\" sizes=\"(max-width: 300px) 100vw, 300px\" \/><\/div>\r\n\t\t<\/a>\r\n\t\t\t\t<div class=\"elementor-post__text\">\r\n\t\t\t\t<h3 class=\"elementor-post__title\">\r\n\t\t\t<a href=\"https:\/\/www.abratt.org.br\/nodig2023\/sao-paulo-no-dig-show-e-destaque-em-podcast-sobre-saneamento-ambiental\/\" >\r\n\t\t\t\tS\u00e3o Paulo No Dig Show \u00e9 destaque em podcast sobre saneamento ambiental\t\t\t<\/a>\r\n\t\t<\/h3>\r\n\t\t\t\t<div class=\"elementor-post__excerpt\">\r\n\t\t\t<p>O podcast Saneamento em Foco recebeu o presidente da Associa\u00e7\u00e3o Brasileira de M\u00e9todos N\u00e3o Destrutivos<\/p>\n\t\t<\/div>\r\n\t\t\r\n\t\t<a class=\"elementor-post__read-more\" href=\"https:\/\/www.abratt.org.br\/nodig2023\/sao-paulo-no-dig-show-e-destaque-em-podcast-sobre-saneamento-ambiental\/\" aria-label=\"Read more about S\u00e3o Paulo No Dig Show \u00e9 destaque em podcast sobre saneamento ambiental\" >\r\n\t\t\tLeia mais \u00bb\t\t<\/a>\r\n\r\n\t\t\t\t<\/div>\r\n\t\t\t\t<\/article>\r\n\t\t\t\t<\/div>\r\n\t\t\t\t\t<span class=\"e-load-more-spinner\">\r\n\t\t\t\t<i aria-hidden=\"true\" class=\"fas fa-spinner\"><\/i>\t\t\t<\/span>\r\n\t\t\r\n\t\t\t\t<div class=\"e-load-more-anchor\" data-page=\"1\" data-max-page=\"3\" data-next-page=\"https:\/\/www.abratt.org.br\/nodig2023\/wp-json\/wp\/v2\/pages\/472\/page\/2\/\"><\/div>\r\n\t\t\t\t<div class=\"elementor-button-wrapper\">\r\n\t\t\t<a href=\"#\" class=\"elementor-button-link elementor-button\" role=\"button\">\r\n\t\t\t\t\t\t<span class=\"elementor-button-content-wrapper\">\r\n\t\t\t\t\t\t<span class=\"elementor-button-text\">Mais Not\u00edcias<\/span>\r\n\t\t<\/span>\r\n\t\t\t\t\t<\/a>\r\n\t\t<\/div>\r\n\t\t\t\t<div class=\"e-load-more-message\"><\/div>\r\n\t\t\t\t\t\t<\/div>\n\t\t\t\t<\/div>\n\t\t\t\t\t<\/div>\n\t\t<\/div>\n\t\t\t\t\t<\/div>\n\t\t<\/section>\n\t\t\t\t<\/div>\n\t\t","protected":false},"excerpt":{"rendered":"<p>not\u00edcias VENHA FAZER PARTE DESTE GRANDE EVENTO Confira abaixo as not\u00edcias do S\u00c3O PAULO NO-DIG SHOW 2023 e fique informado de tudo que vai acontecer no evento.<\/p>\n","protected":false},"author":1,"featured_media":0,"parent":0,"menu_order":0,"comment_status":"closed","ping_status":"closed","template":"elementor_header_footer","meta":{"footnotes":""},"class_list":["post-472","page","type-page","status-publish","hentry"],"_links":{"self":[{"href":"https:\/\/www.abratt.org.br\/nodig2023\/wp-json\/wp\/v2\/pages\/472","targetHints":{"allow":["GET"]}}],"collection":[{"href":"https:\/\/www.abratt.org.br\/nodig2023\/wp-json\/wp\/v2\/pages"}],"about":[{"href":"https:\/\/www.abratt.org.br\/nodig2023\/wp-json\/wp\/v2\/types\/page"}],"author":[{"embeddable":true,"href":"https:\/\/www.abratt.org.br\/nodig2023\/wp-json\/wp\/v2\/users\/1"}],"replies":[{"embeddable":true,"href":"https:\/\/www.abratt.org.br\/nodig2023\/wp-json\/wp\/v2\/comments?post=472"}],"version-history":[{"count":0,"href":"https:\/\/www.abratt.org.br\/nodig2023\/wp-json\/wp\/v2\/pages\/472\/revisions"}],"wp:attachment":[{"href":"https:\/\/www.abratt.org.br\/nodig2023\/wp-json\/wp\/v2\/media?parent=472"}],"curies":[{"name":"wp","href":"https:\/\/api.w.org\/{rel}","templated":true}]}}